{"id":2295,"date":"2025-03-15T20:13:49","date_gmt":"2025-03-15T20:13:49","guid":{"rendered":"https:\/\/jaegerhaus.de\/?page_id=2295"},"modified":"2025-03-17T18:18:17","modified_gmt":"2025-03-17T18:18:17","slug":"donau-uebergang","status":"publish","type":"page","link":"https:\/\/jaegerhaus.de\/en\/donau-uebergang\/","title":{"rendered":"Danube crossing"},"content":{"rendered":"\t\t<div data-elementor-type=\"wp-page\" data-elementor-id=\"2295\" class=\"elementor elementor-2295\" data-elementor-post-type=\"page\">\n\t\t\t\t\t\t<section class=\"elementor-section elementor-top-section elementor-element elementor-element-18536b16 elementor-section-height-min-height elementor-section-stretched elementor-section-boxed elementor-section-height-default elementor-section-items-middle\" data-id=\"18536b16\" data-element_type=\"section\" data-e-type=\"section\" data-settings=\"{&quot;stretch_section&quot;:&quot;section-stretched&quot;,&quot;background_background&quot;:&quot;slideshow&quot;,&quot;background_slideshow_gallery&quot;:[{&quot;id&quot;:2354,&quot;url&quot;:&quot;http:\\\/\\\/jaegerhaus.de\\\/wp-content\\\/uploads\\\/2025\\\/03\\\/DJI_0210-2-2.jpg&quot;}],&quot;background_slideshow_loop&quot;:&quot;yes&quot;,&quot;background_slideshow_slide_duration&quot;:5000,&quot;background_slideshow_slide_transition&quot;:&quot;fade&quot;,&quot;background_slideshow_transition_duration&quot;:500}\">\n\t\t\t\t\t\t<div class=\"elementor-container elementor-column-gap-default\">\n\t\t\t\t\t<div class=\"elementor-column elementor-col-100 elementor-top-column elementor-element elementor-element-2d64ab65\" data-id=\"2d64ab65\" data-element_type=\"column\" data-e-type=\"column\">\n\t\t\t<div class=\"elementor-widget-wrap\">\n\t\t\t\t\t\t\t<\/div>\n\t\t<\/div>\n\t\t\t\t\t<\/div>\n\t\t<\/section>\n\t\t\t\t<section class=\"elementor-section elementor-top-section elementor-element elementor-element-5a087475 elementor-section-boxed elementor-section-height-default elementor-section-height-default\" data-id=\"5a087475\" data-element_type=\"section\" data-e-type=\"section\" data-settings=\"{&quot;background_background&quot;:&quot;classic&quot;}\">\n\t\t\t\t\t\t\t<div class=\"elementor-background-overlay\"><\/div>\n\t\t\t\t\t\t\t<div class=\"elementor-container elementor-column-gap-default\">\n\t\t\t\t\t<div class=\"elementor-column elementor-col-100 elementor-top-column elementor-element elementor-element-570e36aa\" data-id=\"570e36aa\" data-element_type=\"column\" data-e-type=\"column\">\n\t\t\t<div class=\"elementor-widget-wrap elementor-element-populated\">\n\t\t\t\t\t\t<div class=\"elementor-element elementor-element-129968f6 elementor-widget-mobile__width-inherit elementor-widget elementor-widget-heading\" data-id=\"129968f6\" data-element_type=\"widget\" data-e-type=\"widget\" data-widget_type=\"heading.default\">\n\t\t\t\t<div class=\"elementor-widget-container\">\n\t\t\t\t\t<h2 class=\"elementor-heading-title elementor-size-default\">Donau-\u00dcbergang<br>in Fridingen<\/h2>\t\t\t\t<\/div>\n\t\t\t\t<\/div>\n\t\t\t\t\t<\/div>\n\t\t<\/div>\n\t\t\t\t\t<\/div>\n\t\t<\/section>\n\t\t\t\t<section class=\"elementor-section elementor-top-section elementor-element elementor-element-2be3037 elementor-section-boxed elementor-section-height-default elementor-section-height-default\" data-id=\"2be3037\" data-element_type=\"section\" data-e-type=\"section\">\n\t\t\t\t\t\t<div class=\"elementor-container elementor-column-gap-default\">\n\t\t\t\t\t<div class=\"elementor-column elementor-col-100 elementor-top-column elementor-element elementor-element-9862e99\" data-id=\"9862e99\" data-element_type=\"column\" data-e-type=\"column\">\n\t\t\t<div class=\"elementor-widget-wrap elementor-element-populated\">\n\t\t\t\t\t\t<div class=\"elementor-element elementor-element-474549c elementor-widget elementor-widget-text-editor\" data-id=\"474549c\" data-element_type=\"widget\" data-e-type=\"widget\" data-widget_type=\"text-editor.default\">\n\t\t\t\t<div class=\"elementor-widget-container\">\n\t\t\t\t\t\t\t\t\t<p data-start=\"122\" data-end=\"407\">Wanderfreunde und Naturliebhaber aufgepasst: Vor unserem <strong data-start=\"179\" data-end=\"213\">Gasthaus J\u00e4gerhaus im Donautal<\/strong> gibt es einen nat\u00fcrlichen \u00dcbergang \u00fcber die Donau \u2013 bestehend aus gro\u00dfen Steinen. Dieser \u00dcbergang verbindet verschiedene <strong data-start=\"335\" data-end=\"361\">Wanderwege im Donautal<\/strong> und ist eine beliebte Route f\u00fcr Ausfl\u00fcgler.<\/p><h4 data-start=\"409\" data-end=\"475\">Achtung: \u00dcberquerung nur bei niedrigem Wasserstand von unter 100 cm m\u00f6glich!<\/h4>\t\t\t\t\t\t\t\t<\/div>\n\t\t\t\t<\/div>\n\t\t\t\t\t<\/div>\n\t\t<\/div>\n\t\t\t\t\t<\/div>\n\t\t<\/section>\n\t\t\t\t<section class=\"elementor-section elementor-top-section elementor-element elementor-element-ed8c534 elementor-section-boxed elementor-section-height-default elementor-section-height-default\" data-id=\"ed8c534\" data-element_type=\"section\" data-e-type=\"section\">\n\t\t\t\t\t\t<div class=\"elementor-container elementor-column-gap-default\">\n\t\t\t\t\t<div class=\"elementor-column elementor-col-100 elementor-top-column elementor-element elementor-element-5165522\" data-id=\"5165522\" data-element_type=\"column\" data-e-type=\"column\">\n\t\t\t<div class=\"elementor-widget-wrap elementor-element-populated\">\n\t\t\t\t\t\t<div class=\"elementor-element elementor-element-9f14de7 elementor-widget elementor-widget-text-editor\" data-id=\"9f14de7\" data-element_type=\"widget\" data-e-type=\"widget\" data-widget_type=\"text-editor.default\">\n\t\t\t\t<div class=\"elementor-widget-container\">\n\t\t\t\t\t\t\t\t\t<p>Bevor Sie Ihre Wanderung planen, werfen Sie einen Blick auf die aktuellen <strong data-start=\"759\" data-end=\"784\">Pegelst\u00e4nde der Donau<\/strong>:<br data-start=\"785\" data-end=\"788\"><\/p>\n<h4><a href=\"https:\/\/www.hvz.baden-wuerttemberg.de\/pegel.html?id=00338\" target=\"_new\" rel=\"noopener\" data-start=\"791\" data-end=\"875\">\u2192 Hier klicken und den aktuellen Pegelstand abrufen<\/a><\/h4>\n<p><\/p>\t\t\t\t\t\t\t\t<\/div>\n\t\t\t\t<\/div>\n\t\t\t\t\t<\/div>\n\t\t<\/div>\n\t\t\t\t\t<\/div>\n\t\t<\/section>\n\t\t\t\t<section class=\"elementor-section elementor-top-section elementor-element elementor-element-ec77a98 elementor-section-boxed elementor-section-height-default elementor-section-height-default\" data-id=\"ec77a98\" data-element_type=\"section\" data-e-type=\"section\">\n\t\t\t\t\t\t<div class=\"elementor-container elementor-column-gap-default\">\n\t\t\t\t\t<div class=\"elementor-column elementor-col-100 elementor-top-column elementor-element elementor-element-1f89997\" data-id=\"1f89997\" data-element_type=\"column\" data-e-type=\"column\">\n\t\t\t<div class=\"elementor-widget-wrap elementor-element-populated\">\n\t\t\t\t\t\t<div class=\"elementor-element elementor-element-6d7c12d elementor-widget elementor-widget-text-editor\" data-id=\"6d7c12d\" data-element_type=\"widget\" data-e-type=\"widget\" data-widget_type=\"text-editor.default\">\n\t\t\t\t<div class=\"elementor-widget-container\">\n\t\t\t\t\t\t\t\t\t<p data-start=\"476\" data-end=\"645\">Bitte beachten Sie, dass eine \u00dcberquerung der Donau nur bei einem <strong data-start=\"542\" data-end=\"569\">Pegelstand unter 100 cm<\/strong> m\u00f6glich ist. Bei h\u00f6heren Wasserst\u00e4nden ist der \u00dcbergang nicht passierbar.<\/p><p data-start=\"879\" data-end=\"1018\">Genie\u00dfen Sie Ihre Wanderung im wundersch\u00f6nen <strong data-start=\"924\" data-end=\"949\">Naturpark Obere Donau<\/strong> und kehren Sie anschlie\u00dfend bei uns im <strong data-start=\"989\" data-end=\"1011\">Gasthaus J\u00e4gerhaus<\/strong> ein.<\/p>\t\t\t\t\t\t\t\t<\/div>\n\t\t\t\t<\/div>\n\t\t\t\t\t<\/div>\n\t\t<\/div>\n\t\t\t\t\t<\/div>\n\t\t<\/section>\n\t\t\t\t<\/div>\n\t\t","protected":false},"excerpt":{"rendered":"<p>Donau-\u00dcbergangin Fridingen Wanderfreunde und Naturliebhaber aufgepasst: Vor unserem Gasthaus J\u00e4gerhaus im Donautal gibt es einen nat\u00fcrlichen \u00dcbergang \u00fcber die Donau \u2013 bestehend aus gro\u00dfen Steinen. Dieser \u00dcbergang verbindet verschiedene Wanderwege [&hellip;]<\/p>\n","protected":false},"author":1,"featured_media":0,"parent":0,"menu_order":0,"comment_status":"closed","ping_status":"closed","template":"","meta":{"footnotes":""},"class_list":["post-2295","page","type-page","status-publish","hentry"],"yoast_head":"<!-- This site is optimized with the Yoast SEO plugin v27.4 - https:\/\/yoast.com\/product\/yoast-seo-wordpress\/ -->\n<title>Donau-\u00dcbergang - J\u00e4gerhaus im Donautal<\/title>\n<meta name=\"robots\" content=\"index, follow, max-snippet:-1, max-image-preview:large, max-video-preview:-1\" \/>\n<link rel=\"canonical\" href=\"https:\/\/jaegerhaus.de\/en\/donau-uebergang\/\" \/>\n<meta property=\"og:locale\" content=\"en_US\" \/>\n<meta property=\"og:type\" content=\"article\" \/>\n<meta property=\"og:title\" content=\"Donau-\u00dcbergang - J\u00e4gerhaus im Donautal\" \/>\n<meta property=\"og:description\" content=\"Donau-\u00dcbergangin Fridingen Wanderfreunde und Naturliebhaber aufgepasst: Vor unserem Gasthaus J\u00e4gerhaus im Donautal gibt es einen nat\u00fcrlichen \u00dcbergang \u00fcber die Donau \u2013 bestehend aus gro\u00dfen Steinen. Dieser \u00dcbergang verbindet verschiedene Wanderwege [&hellip;]\" \/>\n<meta property=\"og:url\" content=\"https:\/\/jaegerhaus.de\/en\/donau-uebergang\/\" \/>\n<meta property=\"og:site_name\" content=\"J\u00e4gerhaus im Donautal\" \/>\n<meta property=\"article:modified_time\" content=\"2025-03-17T18:18:17+00:00\" \/>\n<meta name=\"twitter:card\" content=\"summary_large_image\" \/>\n<meta name=\"twitter:label1\" content=\"Est. reading time\" \/>\n\t<meta name=\"twitter:data1\" content=\"1 minute\" \/>\n<script type=\"application\/ld+json\" class=\"yoast-schema-graph\">{\"@context\":\"https:\\\/\\\/schema.org\",\"@graph\":[{\"@type\":\"WebPage\",\"@id\":\"https:\\\/\\\/jaegerhaus.de\\\/donau-uebergang\\\/\",\"url\":\"https:\\\/\\\/jaegerhaus.de\\\/donau-uebergang\\\/\",\"name\":\"Donau-\u00dcbergang - J\u00e4gerhaus im Donautal\",\"isPartOf\":{\"@id\":\"https:\\\/\\\/jaegerhaus.de\\\/#website\"},\"datePublished\":\"2025-03-15T20:13:49+00:00\",\"dateModified\":\"2025-03-17T18:18:17+00:00\",\"breadcrumb\":{\"@id\":\"https:\\\/\\\/jaegerhaus.de\\\/donau-uebergang\\\/#breadcrumb\"},\"inLanguage\":\"en-US\",\"potentialAction\":[{\"@type\":\"ReadAction\",\"target\":[\"https:\\\/\\\/jaegerhaus.de\\\/donau-uebergang\\\/\"]}]},{\"@type\":\"BreadcrumbList\",\"@id\":\"https:\\\/\\\/jaegerhaus.de\\\/donau-uebergang\\\/#breadcrumb\",\"itemListElement\":[{\"@type\":\"ListItem\",\"position\":1,\"name\":\"Startseite\",\"item\":\"https:\\\/\\\/jaegerhaus.de\\\/\"},{\"@type\":\"ListItem\",\"position\":2,\"name\":\"Donau-\u00dcbergang\"}]},{\"@type\":\"WebSite\",\"@id\":\"https:\\\/\\\/jaegerhaus.de\\\/#website\",\"url\":\"https:\\\/\\\/jaegerhaus.de\\\/\",\"name\":\"J\u00e4gerhaus im Donautal\",\"description\":\"Restaurant und Gasthaus\",\"publisher\":{\"@id\":\"https:\\\/\\\/jaegerhaus.de\\\/#organization\"},\"potentialAction\":[{\"@type\":\"SearchAction\",\"target\":{\"@type\":\"EntryPoint\",\"urlTemplate\":\"https:\\\/\\\/jaegerhaus.de\\\/?s={search_term_string}\"},\"query-input\":{\"@type\":\"PropertyValueSpecification\",\"valueRequired\":true,\"valueName\":\"search_term_string\"}}],\"inLanguage\":\"en-US\"},{\"@type\":\"Organization\",\"@id\":\"https:\\\/\\\/jaegerhaus.de\\\/#organization\",\"name\":\"J\u00e4gerhaus im Donautal\",\"url\":\"https:\\\/\\\/jaegerhaus.de\\\/\",\"logo\":{\"@type\":\"ImageObject\",\"inLanguage\":\"en-US\",\"@id\":\"https:\\\/\\\/jaegerhaus.de\\\/#\\\/schema\\\/logo\\\/image\\\/\",\"url\":\"https:\\\/\\\/jaegerhaus.de\\\/wp-content\\\/uploads\\\/2023\\\/04\\\/jaegerhaus-donautal-logo-klein-e1681932595941.png\",\"contentUrl\":\"https:\\\/\\\/jaegerhaus.de\\\/wp-content\\\/uploads\\\/2023\\\/04\\\/jaegerhaus-donautal-logo-klein-e1681932595941.png\",\"width\":200,\"height\":200,\"caption\":\"J\u00e4gerhaus im Donautal\"},\"image\":{\"@id\":\"https:\\\/\\\/jaegerhaus.de\\\/#\\\/schema\\\/logo\\\/image\\\/\"}}]}<\/script>\n<!-- \/ Yoast SEO plugin. -->","yoast_head_json":{"title":"Donau-\u00dcbergang - J\u00e4gerhaus im Donautal","robots":{"index":"index","follow":"follow","max-snippet":"max-snippet:-1","max-image-preview":"max-image-preview:large","max-video-preview":"max-video-preview:-1"},"canonical":"https:\/\/jaegerhaus.de\/en\/donau-uebergang\/","og_locale":"en_US","og_type":"article","og_title":"Donau-\u00dcbergang - J\u00e4gerhaus im Donautal","og_description":"Donau-\u00dcbergangin Fridingen Wanderfreunde und Naturliebhaber aufgepasst: Vor unserem Gasthaus J\u00e4gerhaus im Donautal gibt es einen nat\u00fcrlichen \u00dcbergang \u00fcber die Donau \u2013 bestehend aus gro\u00dfen Steinen. Dieser \u00dcbergang verbindet verschiedene Wanderwege [&hellip;]","og_url":"https:\/\/jaegerhaus.de\/en\/donau-uebergang\/","og_site_name":"J\u00e4gerhaus im Donautal","article_modified_time":"2025-03-17T18:18:17+00:00","twitter_card":"summary_large_image","twitter_misc":{"Est. reading time":"1 minute"},"schema":{"@context":"https:\/\/schema.org","@graph":[{"@type":"WebPage","@id":"https:\/\/jaegerhaus.de\/donau-uebergang\/","url":"https:\/\/jaegerhaus.de\/donau-uebergang\/","name":"Donau-\u00dcbergang - J\u00e4gerhaus im Donautal","isPartOf":{"@id":"https:\/\/jaegerhaus.de\/#website"},"datePublished":"2025-03-15T20:13:49+00:00","dateModified":"2025-03-17T18:18:17+00:00","breadcrumb":{"@id":"https:\/\/jaegerhaus.de\/donau-uebergang\/#breadcrumb"},"inLanguage":"en-US","potentialAction":[{"@type":"ReadAction","target":["https:\/\/jaegerhaus.de\/donau-uebergang\/"]}]},{"@type":"BreadcrumbList","@id":"https:\/\/jaegerhaus.de\/donau-uebergang\/#breadcrumb","itemListElement":[{"@type":"ListItem","position":1,"name":"Startseite","item":"https:\/\/jaegerhaus.de\/"},{"@type":"ListItem","position":2,"name":"Donau-\u00dcbergang"}]},{"@type":"WebSite","@id":"https:\/\/jaegerhaus.de\/#website","url":"https:\/\/jaegerhaus.de\/","name":"J\u00e4gerhaus im Donautal","description":"Restaurant und Gasthaus","publisher":{"@id":"https:\/\/jaegerhaus.de\/#organization"},"potentialAction":[{"@type":"SearchAction","target":{"@type":"EntryPoint","urlTemplate":"https:\/\/jaegerhaus.de\/?s={search_term_string}"},"query-input":{"@type":"PropertyValueSpecification","valueRequired":true,"valueName":"search_term_string"}}],"inLanguage":"en-US"},{"@type":"Organization","@id":"https:\/\/jaegerhaus.de\/#organization","name":"J\u00e4gerhaus im Donautal","url":"https:\/\/jaegerhaus.de\/","logo":{"@type":"ImageObject","inLanguage":"en-US","@id":"https:\/\/jaegerhaus.de\/#\/schema\/logo\/image\/","url":"https:\/\/jaegerhaus.de\/wp-content\/uploads\/2023\/04\/jaegerhaus-donautal-logo-klein-e1681932595941.png","contentUrl":"https:\/\/jaegerhaus.de\/wp-content\/uploads\/2023\/04\/jaegerhaus-donautal-logo-klein-e1681932595941.png","width":200,"height":200,"caption":"J\u00e4gerhaus im Donautal"},"image":{"@id":"https:\/\/jaegerhaus.de\/#\/schema\/logo\/image\/"}}]}},"_links":{"self":[{"href":"https:\/\/jaegerhaus.de\/en\/wp-json\/wp\/v2\/pages\/2295","targetHints":{"allow":["GET"]}}],"collection":[{"href":"https:\/\/jaegerhaus.de\/en\/wp-json\/wp\/v2\/pages"}],"about":[{"href":"https:\/\/jaegerhaus.de\/en\/wp-json\/wp\/v2\/types\/page"}],"author":[{"embeddable":true,"href":"https:\/\/jaegerhaus.de\/en\/wp-json\/wp\/v2\/users\/1"}],"replies":[{"embeddable":true,"href":"https:\/\/jaegerhaus.de\/en\/wp-json\/wp\/v2\/comments?post=2295"}],"version-history":[{"count":56,"href":"https:\/\/jaegerhaus.de\/en\/wp-json\/wp\/v2\/pages\/2295\/revisions"}],"predecessor-version":[{"id":2363,"href":"https:\/\/jaegerhaus.de\/en\/wp-json\/wp\/v2\/pages\/2295\/revisions\/2363"}],"wp:attachment":[{"href":"https:\/\/jaegerhaus.de\/en\/wp-json\/wp\/v2\/media?parent=2295"}],"curies":[{"name":"wp","href":"https:\/\/api.w.org\/{rel}","templated":true}]}}